{"id":8558,"date":"2022-02-01T14:30:00","date_gmt":"2022-02-01T14:30:00","guid":{"rendered":"https:\/\/staging4.reefzzstage.co.uk\/?page_id=8558"},"modified":"2024-04-03T09:56:32","modified_gmt":"2024-04-03T09:56:32","slug":"my-account-new","status":"publish","type":"page","link":"https:\/\/staging4.reefzzstage.co.uk\/de\/my-account-new\/","title":{"rendered":"My Account new"},"content":{"rendered":"<div data-elementor-type=\"wp-page\" data-elementor-id=\"8558\" class=\"elementor elementor-8558\" data-elementor-settings=\"[]\">\n\t\t\t\t\t\t\t<div class=\"elementor-section-wrap\">\n\t\t\t\t\t\t\t<section class=\"elementor-section elementor-top-section elementor-element elementor-element-960b803 elementor-section-boxed elementor-section-height-default elementor-section-height-default\" data-id=\"960b803\" data-element_type=\"section\">\n\t\t\t\t\t\t<div class=\"elementor-container elementor-column-gap-default\">\n\t\t\t\t\t\t\t\t<\/div>\n\t\t<\/section>\n\t\t\t\t<section class=\"elementor-section elementor-top-section elementor-element elementor-element-df8b7a9 elementor-section-boxed elementor-section-height-default elementor-section-height-default\" data-id=\"df8b7a9\" data-element_type=\"section\">\n\t\t\t\t\t\t<div class=\"elementor-container elementor-column-gap-default\">\n\t\t\t\t\t<div class=\"elementor-column elementor-col-100 elementor-top-column elementor-element elementor-element-2d6a9c9\" data-id=\"2d6a9c9\" data-element_type=\"column\">\n\t\t\t<div class=\"elementor-widget-wrap elementor-element-populated\">\n\t\t\t\t\t\t\t\t<div class=\"elementor-element elementor-element-061d5f6 elementor-widget elementor-widget-text-editor\" data-id=\"061d5f6\" data-element_type=\"widget\" data-widget_type=\"text-editor.default\">\n\t\t\t\t<div class=\"elementor-widget-container\">\n\t\t\t\t\t\t\t<p><b style=\"color: #000000;\" data-sider-select-id=\"9dacbe6d-a088-49a6-8e78-bdc616a348ff\">WICHTIGER HINWEIS: Bitte stellen Sie sicher, dass Sie die Anweisungen\u00a0<\/b><a style=\"font-size: 1rem; background-color: #ffffff;\" href=\"https:\/\/www.reef-zlements.com\/icp-instructions\" target=\"_blank\" rel=\"noopener\" data-sider-select-id=\"b12b284b-1947-49f4-9b1e-02e7506722e2\"><span style=\"font-weight: bold;\" data-sider-select-id=\"a3bf37d7-b092-4a31-b3e6-0f54601c3440\">hier lesen<\/span><\/a>,\u00a0<b style=\"font-style: inherit; color: #000000;\" data-sider-select-id=\"9dacbe6d-a088-49a6-8e78-bdc616a348ff\">bevor Sie unseren ICP-Service nutzen.<\/b><span style=\"font-style: inherit; font-weight: inherit;\">.<\/span><\/p><p data-sider-select-id=\"67eef650-25e9-4b12-bb3c-a67a571b9cb7\"><u data-sider-select-id=\"032b054d-0924-4d14-b1fb-4fbc428983e5\">Es ist \u00e4u\u00dferst wichtig, dass die Fl\u00e4schchen korrekt bef\u00fcllt werden. Wenn 50-ml-Fl\u00e4schchen mit RO-Wasser gef\u00fcllt werden, haben wir nicht gen\u00fcgend Probe, um einige der Tests durchzuf\u00fchren.<\/u><\/p><p data-sider-select-id=\"67eef650-25e9-4b12-bb3c-a67a571b9cb7\">Bitte stellen Sie auch sicher, dass Sie das richtige Porto verwenden.<\/p><p>\u00a0<\/p>\t\t\t\t\t\t<\/div>\n\t\t\t\t<\/div>\n\t\t\t\t\t<\/div>\n\t\t<\/div>\n\t\t\t\t\t\t\t<\/div>\n\t\t<\/section>\n\t\t\t\t<section class=\"elementor-section elementor-top-section elementor-element elementor-element-e52d4c0 elementor-section-boxed elementor-section-height-default elementor-section-height-default\" data-id=\"e52d4c0\" data-element_type=\"section\">\n\t\t\t\t\t\t<div class=\"elementor-container elementor-column-gap-default\">\n\t\t\t\t\t<div class=\"elementor-column elementor-col-100 elementor-top-column elementor-element elementor-element-d5f1b3c\" data-id=\"d5f1b3c\" data-element_type=\"column\">\n\t\t\t<div class=\"elementor-widget-wrap elementor-element-populated\">\n\t\t\t\t\t\t\t\t<div class=\"elementor-element elementor-element-30ae474 e-my-account-tabs-horizontal elementor-widget elementor-widget-woocommerce-my-account\" data-id=\"30ae474\" data-element_type=\"widget\" data-widget_type=\"woocommerce-my-account.default\">\n\t\t\t\t<div class=\"elementor-widget-container\">\n\t\t\t\t\t<div class=\"e-my-account-tab e-my-account-tab__\">\n\t\t\t<span class=\"elementor-hidden\">[woocommerce_my_account]<\/span>\n\t\t\t<div class=\"woocommerce\"><\/div>\t\t<\/div>\n\t\t\t\t<\/div>\n\t\t\t\t<\/div>\n\t\t\t\t\t<\/div>\n\t\t<\/div>\n\t\t\t\t\t\t\t<\/div>\n\t\t<\/section>\n\t\t\t\t\t\t<\/div>\n\t\t\t\t\t<\/div>","protected":false},"excerpt":{"rendered":"<p>IMPORTANT NOTICE: Please make sure to read the instructions\u00a0here,\u00a0before using our ICP service. It is of extreme importance to fill the vials correctly, if 50ml vials are filled with RO water we will not have enough sample to perform some of the tests. Please also make sure to use the correct postage. \u00a0 Dashboard Account &hellip;<\/p>\n<p class=\"read-more\"> <a class=\"\" href=\"https:\/\/staging4.reefzzstage.co.uk\/de\/my-account-new\/\"> <span class=\"screen-reader-text\">My Account new<\/span> Weiterlesen &raquo;<\/a><\/p>","protected":false},"author":1,"featured_media":0,"parent":0,"menu_order":0,"comment_status":"closed","ping_status":"closed","template":"","meta":{"footnotes":""},"class_list":["post-8558","page","type-page","status-publish","hentry"],"acf":[],"yoast_head":"<!-- This site is optimized with the Yoast SEO plugin v20.1 - https:\/\/yoast.com\/wordpress\/plugins\/seo\/ -->\n<title>My Account new - Reef Zlements<\/title>\n<meta name=\"robots\" content=\"index, follow, max-snippet:-1, max-image-preview:large, max-video-preview:-1\" \/>\n<link rel=\"canonical\" href=\"https:\/\/staging4.reefzzstage.co.uk\/de\/my-account-new\/\" \/>\n<meta property=\"og:locale\" content=\"de_DE\" \/>\n<meta property=\"og:type\" content=\"article\" \/>\n<meta property=\"og:title\" content=\"My Account new - Reef Zlements\" \/>\n<meta property=\"og:description\" content=\"IMPORTANT NOTICE: Please make sure to read the instructions\u00a0here,\u00a0before using our ICP service. It is of extreme importance to fill the vials correctly, if 50ml vials are filled with RO water we will not have enough sample to perform some of the tests. Please also make sure to use the correct postage. \u00a0 Dashboard Account &hellip; My Account new Weiterlesen &raquo;\" \/>\n<meta property=\"og:url\" content=\"https:\/\/staging4.reefzzstage.co.uk\/de\/my-account-new\/\" \/>\n<meta property=\"og:site_name\" content=\"Reef Zlements\" \/>\n<meta property=\"article:modified_time\" content=\"2024-04-03T09:56:32+00:00\" \/>\n<meta name=\"twitter:card\" content=\"summary_large_image\" \/>\n<meta name=\"twitter:label1\" content=\"Gesch\u00e4tzte Lesezeit\" \/>\n\t<meta name=\"twitter:data1\" content=\"1\u00a0Minute\" \/>\n<script type=\"application\/ld+json\" class=\"yoast-schema-graph\">{\"@context\":\"https:\/\/schema.org\",\"@graph\":[{\"@type\":\"WebPage\",\"@id\":\"https:\/\/staging4.reefzzstage.co.uk\/my-account-new\/\",\"url\":\"https:\/\/staging4.reefzzstage.co.uk\/my-account-new\/\",\"name\":\"My Account new - Reef Zlements\",\"isPartOf\":{\"@id\":\"https:\/\/staging4.reefzzstage.co.uk\/#website\"},\"datePublished\":\"2022-02-01T14:30:00+00:00\",\"dateModified\":\"2024-04-03T09:56:32+00:00\",\"breadcrumb\":{\"@id\":\"https:\/\/staging4.reefzzstage.co.uk\/my-account-new\/#breadcrumb\"},\"inLanguage\":\"de-DE\",\"potentialAction\":[{\"@type\":\"ReadAction\",\"target\":[\"https:\/\/staging4.reefzzstage.co.uk\/my-account-new\/\"]}]},{\"@type\":\"BreadcrumbList\",\"@id\":\"https:\/\/staging4.reefzzstage.co.uk\/my-account-new\/#breadcrumb\",\"itemListElement\":[{\"@type\":\"ListItem\",\"position\":1,\"name\":\"Home\",\"item\":\"https:\/\/staging4.reefzzstage.co.uk\/\"},{\"@type\":\"ListItem\",\"position\":2,\"name\":\"My Account new\"}]},{\"@type\":\"WebSite\",\"@id\":\"https:\/\/staging4.reefzzstage.co.uk\/#website\",\"url\":\"https:\/\/staging4.reefzzstage.co.uk\/\",\"name\":\"Reef Zlements\",\"description\":\"Reef Care Solutions\",\"publisher\":{\"@id\":\"https:\/\/staging4.reefzzstage.co.uk\/#organization\"},\"potentialAction\":[{\"@type\":\"SearchAction\",\"target\":{\"@type\":\"EntryPoint\",\"urlTemplate\":\"https:\/\/staging4.reefzzstage.co.uk\/?s={search_term_string}\"},\"query-input\":\"required name=search_term_string\"}],\"inLanguage\":\"de-DE\"},{\"@type\":\"Organization\",\"@id\":\"https:\/\/staging4.reefzzstage.co.uk\/#organization\",\"name\":\"Reef Zlements\",\"url\":\"https:\/\/staging4.reefzzstage.co.uk\/\",\"logo\":{\"@type\":\"ImageObject\",\"inLanguage\":\"de-DE\",\"@id\":\"https:\/\/staging4.reefzzstage.co.uk\/#\/schema\/logo\/image\/\",\"url\":\"https:\/\/staging4.reefzzstage.co.uk\/wp-content\/uploads\/2021\/08\/cropped-Black-logo-no-background-1.png\",\"contentUrl\":\"https:\/\/staging4.reefzzstage.co.uk\/wp-content\/uploads\/2021\/08\/cropped-Black-logo-no-background-1.png\",\"width\":3163,\"height\":679,\"caption\":\"Reef Zlements\"},\"image\":{\"@id\":\"https:\/\/staging4.reefzzstage.co.uk\/#\/schema\/logo\/image\/\"}}]}<\/script>\n<!-- \/ Yoast SEO plugin. -->","yoast_head_json":{"title":"My Account new - Reef Zlements","robots":{"index":"index","follow":"follow","max-snippet":"max-snippet:-1","max-image-preview":"max-image-preview:large","max-video-preview":"max-video-preview:-1"},"canonical":"https:\/\/staging4.reefzzstage.co.uk\/de\/my-account-new\/","og_locale":"de_DE","og_type":"article","og_title":"My Account new - Reef Zlements","og_description":"IMPORTANT NOTICE: Please make sure to read the instructions\u00a0here,\u00a0before using our ICP service. It is of extreme importance to fill the vials correctly, if 50ml vials are filled with RO water we will not have enough sample to perform some of the tests. Please also make sure to use the correct postage. \u00a0 Dashboard Account &hellip; My Account new Weiterlesen &raquo;","og_url":"https:\/\/staging4.reefzzstage.co.uk\/de\/my-account-new\/","og_site_name":"Reef Zlements","article_modified_time":"2024-04-03T09:56:32+00:00","twitter_card":"summary_large_image","twitter_misc":{"Gesch\u00e4tzte Lesezeit":"1\u00a0Minute"},"schema":{"@context":"https:\/\/schema.org","@graph":[{"@type":"WebPage","@id":"https:\/\/staging4.reefzzstage.co.uk\/my-account-new\/","url":"https:\/\/staging4.reefzzstage.co.uk\/my-account-new\/","name":"My Account new - Reef Zlements","isPartOf":{"@id":"https:\/\/staging4.reefzzstage.co.uk\/#website"},"datePublished":"2022-02-01T14:30:00+00:00","dateModified":"2024-04-03T09:56:32+00:00","breadcrumb":{"@id":"https:\/\/staging4.reefzzstage.co.uk\/my-account-new\/#breadcrumb"},"inLanguage":"de-DE","potentialAction":[{"@type":"ReadAction","target":["https:\/\/staging4.reefzzstage.co.uk\/my-account-new\/"]}]},{"@type":"BreadcrumbList","@id":"https:\/\/staging4.reefzzstage.co.uk\/my-account-new\/#breadcrumb","itemListElement":[{"@type":"ListItem","position":1,"name":"Home","item":"https:\/\/staging4.reefzzstage.co.uk\/"},{"@type":"ListItem","position":2,"name":"My Account new"}]},{"@type":"WebSite","@id":"https:\/\/staging4.reefzzstage.co.uk\/#website","url":"https:\/\/staging4.reefzzstage.co.uk\/","name":"Reef Zlements","description":"Reef Care Solutions","publisher":{"@id":"https:\/\/staging4.reefzzstage.co.uk\/#organization"},"potentialAction":[{"@type":"SearchAction","target":{"@type":"EntryPoint","urlTemplate":"https:\/\/staging4.reefzzstage.co.uk\/?s={search_term_string}"},"query-input":"required name=search_term_string"}],"inLanguage":"de-DE"},{"@type":"Organization","@id":"https:\/\/staging4.reefzzstage.co.uk\/#organization","name":"Reef Zlements","url":"https:\/\/staging4.reefzzstage.co.uk\/","logo":{"@type":"ImageObject","inLanguage":"de-DE","@id":"https:\/\/staging4.reefzzstage.co.uk\/#\/schema\/logo\/image\/","url":"https:\/\/staging4.reefzzstage.co.uk\/wp-content\/uploads\/2021\/08\/cropped-Black-logo-no-background-1.png","contentUrl":"https:\/\/staging4.reefzzstage.co.uk\/wp-content\/uploads\/2021\/08\/cropped-Black-logo-no-background-1.png","width":3163,"height":679,"caption":"Reef Zlements"},"image":{"@id":"https:\/\/staging4.reefzzstage.co.uk\/#\/schema\/logo\/image\/"}}]}},"_links":{"self":[{"href":"https:\/\/staging4.reefzzstage.co.uk\/de\/wp-json\/wp\/v2\/pages\/8558","targetHints":{"allow":["GET"]}}],"collection":[{"href":"https:\/\/staging4.reefzzstage.co.uk\/de\/wp-json\/wp\/v2\/pages"}],"about":[{"href":"https:\/\/staging4.reefzzstage.co.uk\/de\/wp-json\/wp\/v2\/types\/page"}],"author":[{"embeddable":true,"href":"https:\/\/staging4.reefzzstage.co.uk\/de\/wp-json\/wp\/v2\/users\/1"}],"replies":[{"embeddable":true,"href":"https:\/\/staging4.reefzzstage.co.uk\/de\/wp-json\/wp\/v2\/comments?post=8558"}],"version-history":[{"count":45,"href":"https:\/\/staging4.reefzzstage.co.uk\/de\/wp-json\/wp\/v2\/pages\/8558\/revisions"}],"predecessor-version":[{"id":105198,"href":"https:\/\/staging4.reefzzstage.co.uk\/de\/wp-json\/wp\/v2\/pages\/8558\/revisions\/105198"}],"wp:attachment":[{"href":"https:\/\/staging4.reefzzstage.co.uk\/de\/wp-json\/wp\/v2\/media?parent=8558"}],"curies":[{"name":"wp","href":"https:\/\/api.w.org\/{rel}","templated":true}]}}